{"id":568,"date":"2022-01-11T09:53:09","date_gmt":"2022-01-11T08:53:09","guid":{"rendered":"https:\/\/www.extrakta.de\/?page_id=568"},"modified":"2022-01-11T14:08:57","modified_gmt":"2022-01-11T13:08:57","slug":"quality","status":"publish","type":"page","link":"https:\/\/www.extrakta.de\/en\/quality\/","title":{"rendered":"Quality"},"content":{"rendered":"<section class=\"l-section wpb_row height_medium\"><div class=\"l-section-h i-cf\"><div class=\"g-cols vc_row via_flex valign_top type_default stacking_default\"><div class=\"vc_col-sm-12 wpb_column vc_column_container\"><div class=\"vc_column-inner\"><div class=\"wpb_wrapper\"><div class=\"wpb_text_column\"><div class=\"wpb_wrapper\"><h1>Qualit\u00e4t<\/h1>\n<p>Qualit\u00e4t und Lebensmittelsicherheit haben bei uns h\u00f6chste Priorit\u00e4t. Unser Ziel ist es, unseren Kunden eine gleichbleibend hohe Produktqualit\u00e4t zu bieten. F\u00fcr die Einhaltung der einzelnen Sicherheitsstandards und des gesamten Qualit\u00e4tssicherungssystems ist unser\u00a0<a href=\"https:\/\/www.extrakta.de\/qualitaet\/qualitaetsmanagement\/\">Qualit\u00e4tsmanagement<\/a>\u00a0verantwortlich. F\u00fcr regelm\u00e4\u00dfige Qualit\u00e4tskontrollen verf\u00fcgen wir \u00fcber ein eigenes Analyselabor.<\/p>\n<\/div><\/div><\/div><\/div><\/div><\/div><\/div><\/section>\n","protected":false},"excerpt":{"rendered":"Qualit\u00e4t Qualit\u00e4t und Lebensmittelsicherheit haben bei uns h\u00f6chste Priorit\u00e4t. Unser Ziel ist es, unseren Kunden eine gleichbleibend hohe Produktqualit\u00e4t zu bieten. F\u00fcr die Einhaltung der einzelnen Sicherheitsstandards und des gesamten Qualit\u00e4tssicherungssystems ist unser\u00a0Qualit\u00e4tsmanagement\u00a0verantwortlich. F\u00fcr regelm\u00e4\u00dfige Qualit\u00e4tskontrollen verf\u00fcgen wir \u00fcber ein eigenes Analyselabor.","protected":false},"author":1,"featured_media":0,"parent":0,"menu_order":0,"comment_status":"closed","ping_status":"closed","template":"","meta":{"footnotes":""},"yoast_head":"<!-- This site is optimized with the Yoast SEO plugin v23.5 - https:\/\/yoast.com\/wordpress\/plugins\/seo\/ -->\n<title>Quality - EXTRAKTA STRAUSS<\/title>\n<meta name=\"robots\" content=\"index, follow, max-snippet:-1, max-image-preview:large, max-video-preview:-1\" \/>\n<link rel=\"canonical\" href=\"https:\/\/www.extrakta.de\/en\/quality\/\" \/>\n<meta property=\"og:locale\" content=\"en_US\" \/>\n<meta property=\"og:type\" content=\"article\" \/>\n<meta property=\"og:title\" content=\"Quality - EXTRAKTA STRAUSS\" \/>\n<meta property=\"og:url\" content=\"https:\/\/www.extrakta.de\/en\/quality\/\" \/>\n<meta property=\"og:site_name\" content=\"EXTRAKTA STRAUSS\" \/>\n<meta property=\"article:modified_time\" content=\"2022-01-11T13:08:57+00:00\" \/>\n<meta name=\"twitter:card\" content=\"summary_large_image\" \/>\n<meta name=\"twitter:label1\" content=\"Est. reading time\" \/>\n\t<meta name=\"twitter:data1\" content=\"1 minute\" \/>\n<script type=\"application\/ld+json\" class=\"yoast-schema-graph\">{\"@context\":\"https:\/\/schema.org\",\"@graph\":[{\"@type\":\"WebPage\",\"@id\":\"https:\/\/www.extrakta.de\/en\/quality\/\",\"url\":\"https:\/\/www.extrakta.de\/en\/quality\/\",\"name\":\"Quality - EXTRAKTA STRAUSS\",\"isPartOf\":{\"@id\":\"https:\/\/www.extrakta.de\/#website\"},\"datePublished\":\"2022-01-11T08:53:09+00:00\",\"dateModified\":\"2022-01-11T13:08:57+00:00\",\"breadcrumb\":{\"@id\":\"https:\/\/www.extrakta.de\/en\/quality\/#breadcrumb\"},\"inLanguage\":\"en-US\",\"potentialAction\":[{\"@type\":\"ReadAction\",\"target\":[\"https:\/\/www.extrakta.de\/en\/quality\/\"]}]},{\"@type\":\"BreadcrumbList\",\"@id\":\"https:\/\/www.extrakta.de\/en\/quality\/#breadcrumb\",\"itemListElement\":[{\"@type\":\"ListItem\",\"position\":1,\"name\":\"Startseite\",\"item\":\"https:\/\/www.extrakta.de\/en\/\"},{\"@type\":\"ListItem\",\"position\":2,\"name\":\"Quality\"}]},{\"@type\":\"WebSite\",\"@id\":\"https:\/\/www.extrakta.de\/#website\",\"url\":\"https:\/\/www.extrakta.de\/\",\"name\":\"EXTRAKTA STRAUSS\",\"description\":\"\",\"publisher\":{\"@id\":\"https:\/\/www.extrakta.de\/#organization\"},\"potentialAction\":[{\"@type\":\"SearchAction\",\"target\":{\"@type\":\"EntryPoint\",\"urlTemplate\":\"https:\/\/www.extrakta.de\/?s={search_term_string}\"},\"query-input\":{\"@type\":\"PropertyValueSpecification\",\"valueRequired\":true,\"valueName\":\"search_term_string\"}}],\"inLanguage\":\"en-US\"},{\"@type\":\"Organization\",\"@id\":\"https:\/\/www.extrakta.de\/#organization\",\"name\":\"Extrakta Strauss GmbH\",\"url\":\"https:\/\/www.extrakta.de\/\",\"logo\":{\"@type\":\"ImageObject\",\"inLanguage\":\"en-US\",\"@id\":\"https:\/\/www.extrakta.de\/#\/schema\/logo\/image\/\",\"url\":\"https:\/\/www.extrakta.de\/wp-content\/uploads\/2019\/09\/Firmenlogo.png\",\"contentUrl\":\"https:\/\/www.extrakta.de\/wp-content\/uploads\/2019\/09\/Firmenlogo.png\",\"width\":435,\"height\":493,\"caption\":\"Extrakta Strauss GmbH\"},\"image\":{\"@id\":\"https:\/\/www.extrakta.de\/#\/schema\/logo\/image\/\"}}]}<\/script>\n<!-- \/ Yoast SEO plugin. -->","yoast_head_json":{"title":"Quality - EXTRAKTA STRAUSS","robots":{"index":"index","follow":"follow","max-snippet":"max-snippet:-1","max-image-preview":"max-image-preview:large","max-video-preview":"max-video-preview:-1"},"canonical":"https:\/\/www.extrakta.de\/en\/quality\/","og_locale":"en_US","og_type":"article","og_title":"Quality - EXTRAKTA STRAUSS","og_url":"https:\/\/www.extrakta.de\/en\/quality\/","og_site_name":"EXTRAKTA STRAUSS","article_modified_time":"2022-01-11T13:08:57+00:00","twitter_card":"summary_large_image","twitter_misc":{"Est. reading time":"1 minute"},"schema":{"@context":"https:\/\/schema.org","@graph":[{"@type":"WebPage","@id":"https:\/\/www.extrakta.de\/en\/quality\/","url":"https:\/\/www.extrakta.de\/en\/quality\/","name":"Quality - EXTRAKTA STRAUSS","isPartOf":{"@id":"https:\/\/www.extrakta.de\/#website"},"datePublished":"2022-01-11T08:53:09+00:00","dateModified":"2022-01-11T13:08:57+00:00","breadcrumb":{"@id":"https:\/\/www.extrakta.de\/en\/quality\/#breadcrumb"},"inLanguage":"en-US","potentialAction":[{"@type":"ReadAction","target":["https:\/\/www.extrakta.de\/en\/quality\/"]}]},{"@type":"BreadcrumbList","@id":"https:\/\/www.extrakta.de\/en\/quality\/#breadcrumb","itemListElement":[{"@type":"ListItem","position":1,"name":"Startseite","item":"https:\/\/www.extrakta.de\/en\/"},{"@type":"ListItem","position":2,"name":"Quality"}]},{"@type":"WebSite","@id":"https:\/\/www.extrakta.de\/#website","url":"https:\/\/www.extrakta.de\/","name":"EXTRAKTA STRAUSS","description":"","publisher":{"@id":"https:\/\/www.extrakta.de\/#organization"},"potentialAction":[{"@type":"SearchAction","target":{"@type":"EntryPoint","urlTemplate":"https:\/\/www.extrakta.de\/?s={search_term_string}"},"query-input":{"@type":"PropertyValueSpecification","valueRequired":true,"valueName":"search_term_string"}}],"inLanguage":"en-US"},{"@type":"Organization","@id":"https:\/\/www.extrakta.de\/#organization","name":"Extrakta Strauss GmbH","url":"https:\/\/www.extrakta.de\/","logo":{"@type":"ImageObject","inLanguage":"en-US","@id":"https:\/\/www.extrakta.de\/#\/schema\/logo\/image\/","url":"https:\/\/www.extrakta.de\/wp-content\/uploads\/2019\/09\/Firmenlogo.png","contentUrl":"https:\/\/www.extrakta.de\/wp-content\/uploads\/2019\/09\/Firmenlogo.png","width":435,"height":493,"caption":"Extrakta Strauss GmbH"},"image":{"@id":"https:\/\/www.extrakta.de\/#\/schema\/logo\/image\/"}}]}},"_links":{"self":[{"href":"https:\/\/www.extrakta.de\/en\/wp-json\/wp\/v2\/pages\/568"}],"collection":[{"href":"https:\/\/www.extrakta.de\/en\/wp-json\/wp\/v2\/pages"}],"about":[{"href":"https:\/\/www.extrakta.de\/en\/wp-json\/wp\/v2\/types\/page"}],"author":[{"embeddable":true,"href":"https:\/\/www.extrakta.de\/en\/wp-json\/wp\/v2\/users\/1"}],"replies":[{"embeddable":true,"href":"https:\/\/www.extrakta.de\/en\/wp-json\/wp\/v2\/comments?post=568"}],"version-history":[{"count":5,"href":"https:\/\/www.extrakta.de\/en\/wp-json\/wp\/v2\/pages\/568\/revisions"}],"predecessor-version":[{"id":737,"href":"https:\/\/www.extrakta.de\/en\/wp-json\/wp\/v2\/pages\/568\/revisions\/737"}],"wp:attachment":[{"href":"https:\/\/www.extrakta.de\/en\/wp-json\/wp\/v2\/media?parent=568"}],"curies":[{"name":"wp","href":"https:\/\/api.w.org\/{rel}","templated":true}]}}