{"id":716,"date":"2022-01-11T14:04:30","date_gmt":"2022-01-11T13:04:30","guid":{"rendered":"https:\/\/www.extrakta.de\/?page_id=716"},"modified":"2024-06-27T14:12:28","modified_gmt":"2024-06-27T12:12:28","slug":"confectionery","status":"publish","type":"page","link":"https:\/\/www.extrakta.de\/en\/products\/confectionery\/","title":{"rendered":"Confectionery"},"content":{"rendered":"<section class=\"l-section wpb_row height_auto width_full\"><div class=\"l-section-h i-cf\"><div class=\"g-cols vc_row via_flex valign_top type_default stacking_default\"><div class=\"vc_col-sm-12 wpb_column vc_column_container\"><div class=\"vc_column-inner\"><div class=\"wpb_wrapper\"><div class=\"w-slider style_none fit_cover nav_none count_1\"><div class=\"w-slider-h\" aria-hidden=\"true\"><div class=\"royalSlider\"><div class=\"rsContent\"><a class=\"rsImg\" data-rsw=\"1170\" data-rsh=\"400\" href=\"https:\/\/www.extrakta.de\/wp-content\/uploads\/2020\/05\/suesswaren1170x400.jpg\"><span data-alt=\"\"><\/span><\/a><\/div><\/div><img decoding=\"async\" data-src=\"https:\/\/www.extrakta.de\/wp-content\/uploads\/2020\/05\/suesswaren1170x400.jpg\" width=\"1170\" height=\"400\" alt src=\"data:image\/svg+xml;base64,PHN2ZyB3aWR0aD0iMSIgaGVpZ2h0PSIxIiB4bWxucz0iaHR0cDovL3d3dy53My5vcmcvMjAwMC9zdmciPjwvc3ZnPg==\" class=\"lazyload\" style=\"--smush-placeholder-width: 1170px; --smush-placeholder-aspect-ratio: 1170\/400;\"><\/div><div class=\"w-slider-json\" onclick='return {&quot;autoScaleSlider&quot;:true,&quot;addActiveClass&quot;:true,&quot;loop&quot;:true,&quot;fadeInLoadedSlide&quot;:false,&quot;slidesSpacing&quot;:0,&quot;imageScalePadding&quot;:0,&quot;numImagesToPreload&quot;:2,&quot;arrowsNav&quot;:true,&quot;arrowsNavAutoHide&quot;:true,&quot;transitionType&quot;:&quot;move&quot;,&quot;transitionSpeed&quot;:250,&quot;block&quot;:{&quot;moveEffect&quot;:&quot;none&quot;,&quot;speed&quot;:300},&quot;thumbs&quot;:{&quot;fitInViewport&quot;:false,&quot;firstMargin&quot;:false,&quot;spacing&quot;:4},&quot;controlNavigation&quot;:&quot;none&quot;,&quot;autoScaleSliderWidth&quot;:1170,&quot;autoScaleSliderHeight&quot;:400}'><\/div><\/div><\/div><\/div><\/div><\/div><\/div><\/section><section class=\"l-section wpb_row height_medium\"><div class=\"l-section-h i-cf\"><div class=\"g-cols vc_row via_flex valign_top type_default stacking_default\"><div class=\"vc_col-sm-12 wpb_column vc_column_container\"><div class=\"vc_column-inner\"><div class=\"wpb_wrapper\"><div class=\"wpb_text_column\"><div class=\"wpb_wrapper\"><h1>Products for Confectionery<\/h1>\n<p>F\u00fcr S\u00fc\u00dfwaren bieten unsere Produkte vielf\u00e4ltige Einsatzm\u00f6glichkeiten. Die beschichteten S\u00e4uren in unserem Produktsortiment erzeugen in und auf S\u00fc\u00dfwaren einen sauren Geschmack oder einen Brausepulvereffekt. Au\u00dferdem vermahlen wir Wachse \u2013 darunter Bienen-, Carnauba- und mikrokristalline Wachse, die in Pulverform als Dragier- oder \u00dcberzugsmittel f\u00fcr verschiedene S\u00fc\u00dfwaren, wie Fruchtgummis oder Drops und Pastillen eingesetzt werden k\u00f6nnen. Zudem vertreiben wir verschiedene Gew\u00fcrzextrakte, welche wie beispielsweise Kurkuma-Oleorosin als nat\u00fcrliches F\u00e4rbemittel eingesetzt werden k\u00f6nnen. Vermahlenes Vanillin, sowie vermahlene S\u00fc\u00dfstoffe k\u00f6nnen ebenfalls den Geschmack von S\u00fc\u00dfwaren beeinflussen.<\/p>\n<ul>\n<li>Beschichtete \u00c4pfels\u00e4ure auf Fruchtgummis: S\u00e4ure zerflie\u00dft nicht, Invertieren des Zuckers wird verhindert<\/li>\n<li>pH-Wert-Stabilisierung durch gepufferte S\u00e4uren<\/li>\n<li>Beschichtete Zitronens\u00e4ure in Milchspeiseeis: S\u00e4uerungsmittel ohne lokale \u00dcbers\u00e4uerung<\/li>\n<li>Fett- oder Wachsbeschichtung von Genusss\u00e4uren steuert das Geschmackserlebnis<\/li>\n<li>Beschichtete Zitronens\u00e4ure entsch\u00e4umt Marmelade<\/li>\n<\/ul>\n<\/div><\/div><\/div><\/div><\/div><\/div><\/div><\/section>\n","protected":false},"excerpt":{"rendered":"Products for Confectionery F\u00fcr S\u00fc\u00dfwaren bieten unsere Produkte vielf\u00e4ltige Einsatzm\u00f6glichkeiten. Die beschichteten S\u00e4uren in unserem Produktsortiment erzeugen in und auf S\u00fc\u00dfwaren einen sauren Geschmack oder einen Brausepulvereffekt. Au\u00dferdem vermahlen wir Wachse \u2013 darunter Bienen-, Carnauba- und mikrokristalline Wachse, die in Pulverform als Dragier- oder \u00dcberzugsmittel f\u00fcr verschiedene S\u00fc\u00dfwaren, wie Fruchtgummis oder Drops und Pastillen eingesetzt...","protected":false},"author":1,"featured_media":0,"parent":549,"menu_order":0,"comment_status":"closed","ping_status":"closed","template":"","meta":{"footnotes":""},"class_list":["post-716","page","type-page","status-publish","hentry"],"yoast_head":"<!-- This site is optimized with the Yoast SEO plugin v27.5 - https:\/\/yoast.com\/product\/yoast-seo-wordpress\/ -->\n<title>Confectionery - EXTRAKTA STRAUSS<\/title>\n<meta name=\"robots\" content=\"index, follow, max-snippet:-1, max-image-preview:large, max-video-preview:-1\" \/>\n<link rel=\"canonical\" href=\"https:\/\/www.extrakta.de\/en\/products\/confectionery\/\" \/>\n<meta property=\"og:locale\" content=\"en_US\" \/>\n<meta property=\"og:type\" content=\"article\" \/>\n<meta property=\"og:title\" content=\"Confectionery - EXTRAKTA STRAUSS\" \/>\n<meta property=\"og:url\" content=\"https:\/\/www.extrakta.de\/en\/products\/confectionery\/\" \/>\n<meta property=\"og:site_name\" content=\"EXTRAKTA STRAUSS\" \/>\n<meta property=\"article:modified_time\" content=\"2024-06-27T12:12:28+00:00\" \/>\n<meta name=\"twitter:card\" content=\"summary_large_image\" \/>\n<meta name=\"twitter:label1\" content=\"Est. reading time\" \/>\n\t<meta name=\"twitter:data1\" content=\"1 minute\" \/>\n<script type=\"application\/ld+json\" class=\"yoast-schema-graph\">{\"@context\":\"https:\\\/\\\/schema.org\",\"@graph\":[{\"@type\":\"WebPage\",\"@id\":\"https:\\\/\\\/www.extrakta.de\\\/en\\\/products\\\/confectionery\\\/\",\"url\":\"https:\\\/\\\/www.extrakta.de\\\/en\\\/products\\\/confectionery\\\/\",\"name\":\"Confectionery - EXTRAKTA STRAUSS\",\"isPartOf\":{\"@id\":\"https:\\\/\\\/www.extrakta.de\\\/#website\"},\"datePublished\":\"2022-01-11T13:04:30+00:00\",\"dateModified\":\"2024-06-27T12:12:28+00:00\",\"breadcrumb\":{\"@id\":\"https:\\\/\\\/www.extrakta.de\\\/en\\\/products\\\/confectionery\\\/#breadcrumb\"},\"inLanguage\":\"en-US\",\"potentialAction\":[{\"@type\":\"ReadAction\",\"target\":[\"https:\\\/\\\/www.extrakta.de\\\/en\\\/products\\\/confectionery\\\/\"]}]},{\"@type\":\"BreadcrumbList\",\"@id\":\"https:\\\/\\\/www.extrakta.de\\\/en\\\/products\\\/confectionery\\\/#breadcrumb\",\"itemListElement\":[{\"@type\":\"ListItem\",\"position\":1,\"name\":\"Startseite\",\"item\":\"https:\\\/\\\/www.extrakta.de\\\/en\\\/\"},{\"@type\":\"ListItem\",\"position\":2,\"name\":\"Products\",\"item\":\"https:\\\/\\\/www.extrakta.de\\\/en\\\/products\\\/\"},{\"@type\":\"ListItem\",\"position\":3,\"name\":\"Confectionery\"}]},{\"@type\":\"WebSite\",\"@id\":\"https:\\\/\\\/www.extrakta.de\\\/#website\",\"url\":\"https:\\\/\\\/www.extrakta.de\\\/\",\"name\":\"EXTRAKTA STRAUSS\",\"description\":\"\",\"publisher\":{\"@id\":\"https:\\\/\\\/www.extrakta.de\\\/#organization\"},\"potentialAction\":[{\"@type\":\"SearchAction\",\"target\":{\"@type\":\"EntryPoint\",\"urlTemplate\":\"https:\\\/\\\/www.extrakta.de\\\/?s={search_term_string}\"},\"query-input\":{\"@type\":\"PropertyValueSpecification\",\"valueRequired\":true,\"valueName\":\"search_term_string\"}}],\"inLanguage\":\"en-US\"},{\"@type\":\"Organization\",\"@id\":\"https:\\\/\\\/www.extrakta.de\\\/#organization\",\"name\":\"Extrakta Strauss GmbH\",\"url\":\"https:\\\/\\\/www.extrakta.de\\\/\",\"logo\":{\"@type\":\"ImageObject\",\"inLanguage\":\"en-US\",\"@id\":\"https:\\\/\\\/www.extrakta.de\\\/#\\\/schema\\\/logo\\\/image\\\/\",\"url\":\"https:\\\/\\\/www.extrakta.de\\\/wp-content\\\/uploads\\\/2019\\\/09\\\/Firmenlogo.png\",\"contentUrl\":\"https:\\\/\\\/www.extrakta.de\\\/wp-content\\\/uploads\\\/2019\\\/09\\\/Firmenlogo.png\",\"width\":435,\"height\":493,\"caption\":\"Extrakta Strauss GmbH\"},\"image\":{\"@id\":\"https:\\\/\\\/www.extrakta.de\\\/#\\\/schema\\\/logo\\\/image\\\/\"}}]}<\/script>\n<!-- \/ Yoast SEO plugin. -->","yoast_head_json":{"title":"Confectionery - EXTRAKTA STRAUSS","robots":{"index":"index","follow":"follow","max-snippet":"max-snippet:-1","max-image-preview":"max-image-preview:large","max-video-preview":"max-video-preview:-1"},"canonical":"https:\/\/www.extrakta.de\/en\/products\/confectionery\/","og_locale":"en_US","og_type":"article","og_title":"Confectionery - EXTRAKTA STRAUSS","og_url":"https:\/\/www.extrakta.de\/en\/products\/confectionery\/","og_site_name":"EXTRAKTA STRAUSS","article_modified_time":"2024-06-27T12:12:28+00:00","twitter_card":"summary_large_image","twitter_misc":{"Est. reading time":"1 minute"},"schema":{"@context":"https:\/\/schema.org","@graph":[{"@type":"WebPage","@id":"https:\/\/www.extrakta.de\/en\/products\/confectionery\/","url":"https:\/\/www.extrakta.de\/en\/products\/confectionery\/","name":"Confectionery - EXTRAKTA STRAUSS","isPartOf":{"@id":"https:\/\/www.extrakta.de\/#website"},"datePublished":"2022-01-11T13:04:30+00:00","dateModified":"2024-06-27T12:12:28+00:00","breadcrumb":{"@id":"https:\/\/www.extrakta.de\/en\/products\/confectionery\/#breadcrumb"},"inLanguage":"en-US","potentialAction":[{"@type":"ReadAction","target":["https:\/\/www.extrakta.de\/en\/products\/confectionery\/"]}]},{"@type":"BreadcrumbList","@id":"https:\/\/www.extrakta.de\/en\/products\/confectionery\/#breadcrumb","itemListElement":[{"@type":"ListItem","position":1,"name":"Startseite","item":"https:\/\/www.extrakta.de\/en\/"},{"@type":"ListItem","position":2,"name":"Products","item":"https:\/\/www.extrakta.de\/en\/products\/"},{"@type":"ListItem","position":3,"name":"Confectionery"}]},{"@type":"WebSite","@id":"https:\/\/www.extrakta.de\/#website","url":"https:\/\/www.extrakta.de\/","name":"EXTRAKTA STRAUSS","description":"","publisher":{"@id":"https:\/\/www.extrakta.de\/#organization"},"potentialAction":[{"@type":"SearchAction","target":{"@type":"EntryPoint","urlTemplate":"https:\/\/www.extrakta.de\/?s={search_term_string}"},"query-input":{"@type":"PropertyValueSpecification","valueRequired":true,"valueName":"search_term_string"}}],"inLanguage":"en-US"},{"@type":"Organization","@id":"https:\/\/www.extrakta.de\/#organization","name":"Extrakta Strauss GmbH","url":"https:\/\/www.extrakta.de\/","logo":{"@type":"ImageObject","inLanguage":"en-US","@id":"https:\/\/www.extrakta.de\/#\/schema\/logo\/image\/","url":"https:\/\/www.extrakta.de\/wp-content\/uploads\/2019\/09\/Firmenlogo.png","contentUrl":"https:\/\/www.extrakta.de\/wp-content\/uploads\/2019\/09\/Firmenlogo.png","width":435,"height":493,"caption":"Extrakta Strauss GmbH"},"image":{"@id":"https:\/\/www.extrakta.de\/#\/schema\/logo\/image\/"}}]}},"_links":{"self":[{"href":"https:\/\/www.extrakta.de\/en\/wp-json\/wp\/v2\/pages\/716","targetHints":{"allow":["GET"]}}],"collection":[{"href":"https:\/\/www.extrakta.de\/en\/wp-json\/wp\/v2\/pages"}],"about":[{"href":"https:\/\/www.extrakta.de\/en\/wp-json\/wp\/v2\/types\/page"}],"author":[{"embeddable":true,"href":"https:\/\/www.extrakta.de\/en\/wp-json\/wp\/v2\/users\/1"}],"replies":[{"embeddable":true,"href":"https:\/\/www.extrakta.de\/en\/wp-json\/wp\/v2\/comments?post=716"}],"version-history":[{"count":4,"href":"https:\/\/www.extrakta.de\/en\/wp-json\/wp\/v2\/pages\/716\/revisions"}],"predecessor-version":[{"id":1059,"href":"https:\/\/www.extrakta.de\/en\/wp-json\/wp\/v2\/pages\/716\/revisions\/1059"}],"up":[{"embeddable":true,"href":"https:\/\/www.extrakta.de\/en\/wp-json\/wp\/v2\/pages\/549"}],"wp:attachment":[{"href":"https:\/\/www.extrakta.de\/en\/wp-json\/wp\/v2\/media?parent=716"}],"curies":[{"name":"wp","href":"https:\/\/api.w.org\/{rel}","templated":true}]}}