{"id":717,"date":"2022-01-11T14:04:58","date_gmt":"2022-01-11T13:04:58","guid":{"rendered":"https:\/\/www.extrakta.de\/?page_id=717"},"modified":"2024-06-27T14:14:55","modified_gmt":"2024-06-27T12:14:55","slug":"vegan-vegetarianproducts","status":"publish","type":"page","link":"https:\/\/www.extrakta.de\/en\/products\/vegan-vegetarianproducts\/","title":{"rendered":"Vegan and vegetarian Products"},"content":{"rendered":"<section class=\"l-section wpb_row height_auto width_full\"><div class=\"l-section-h i-cf\"><div class=\"g-cols vc_row via_flex valign_top type_default stacking_default\"><div class=\"vc_col-sm-12 wpb_column vc_column_container\"><div class=\"vc_column-inner\"><div class=\"wpb_wrapper\"><div class=\"w-slider style_none fit_cover\"><div class=\"w-slider-h\"><div class=\"royalSlider\"><div class=\"rsContent\"><a class=\"rsImg\" data-rsw=\"1170\" data-rsh=\"400\" href=\"https:\/\/www.extrakta.de\/wp-content\/uploads\/2020\/05\/vegan-vegetarisch1170x400.jpg\"><span data-alt=\"\"><\/span><\/a><\/div><\/div><img decoding=\"async\" data-src=\"https:\/\/www.extrakta.de\/wp-content\/uploads\/2020\/05\/vegan-vegetarisch1170x400.jpg\" width=\"1170\" height=\"400\" alt src=\"data:image\/svg+xml;base64,PHN2ZyB3aWR0aD0iMSIgaGVpZ2h0PSIxIiB4bWxucz0iaHR0cDovL3d3dy53My5vcmcvMjAwMC9zdmciPjwvc3ZnPg==\" class=\"lazyload\" style=\"--smush-placeholder-width: 1170px; --smush-placeholder-aspect-ratio: 1170\/400;\"><\/div><div class=\"w-slider-json\" onclick='return {&quot;autoScaleSlider&quot;:true,&quot;loop&quot;:true,&quot;fadeInLoadedSlide&quot;:false,&quot;slidesSpacing&quot;:0,&quot;imageScalePadding&quot;:0,&quot;numImagesToPreload&quot;:2,&quot;arrowsNav&quot;:false,&quot;arrowsNavAutoHide&quot;:false,&quot;transitionType&quot;:&quot;move&quot;,&quot;transitionSpeed&quot;:250,&quot;block&quot;:{&quot;moveEffect&quot;:&quot;none&quot;,&quot;speed&quot;:300},&quot;thumbs&quot;:{&quot;fitInViewport&quot;:false},&quot;controlNavigation&quot;:&quot;none&quot;,&quot;imageScaleMode&quot;:&quot;fill&quot;,&quot;autoScaleSliderWidth&quot;:1170,&quot;autoScaleSliderHeight&quot;:400}'><\/div><\/div><\/div><\/div><\/div><\/div><\/div><\/section><section class=\"l-section wpb_row height_medium\"><div class=\"l-section-h i-cf\"><div class=\"g-cols vc_row via_flex valign_top type_default stacking_default\"><div class=\"vc_col-sm-12 wpb_column vc_column_container\"><div class=\"vc_column-inner\"><div class=\"wpb_wrapper\"><div class=\"wpb_text_column\"><div class=\"wpb_wrapper\"><h1>Vegane und vegetarische\u00a0 Alternativen<\/h1>\n<p>Gerade vegetarische und vegane Alternativprodukte verlangen neue Gew\u00fcrz- und Geschmackskompositionen, um den ver\u00e4nderten Verbraucherbed\u00fcrfnissen gerecht zu werden. Gerne verwendet werden die nat\u00fcrlichen Gew\u00fcrzextrakte auch als f\u00e4rbender Geschmackstr\u00e4ger. Neben unseren beliebten Raucharomen kombinieren wir gerne eine\u00a0 spezifische Gew\u00fcrzmischung f\u00fcr Ihr innovatives fleischloses oder fischloses Produkt.<\/p>\n<\/div><\/div><\/div><\/div><\/div><\/div><\/div><\/section>\n","protected":false},"excerpt":{"rendered":"Vegane und vegetarische\u00a0 Alternativen Gerade vegetarische und vegane Alternativprodukte verlangen neue Gew\u00fcrz- und Geschmackskompositionen, um den ver\u00e4nderten Verbraucherbed\u00fcrfnissen gerecht zu werden. Gerne verwendet werden die nat\u00fcrlichen Gew\u00fcrzextrakte auch als f\u00e4rbender Geschmackstr\u00e4ger. Neben unseren beliebten Raucharomen kombinieren wir gerne eine\u00a0 spezifische Gew\u00fcrzmischung f\u00fcr Ihr innovatives fleischloses oder fischloses Produkt.","protected":false},"author":1,"featured_media":0,"parent":549,"menu_order":0,"comment_status":"closed","ping_status":"closed","template":"","meta":{"footnotes":""},"yoast_head":"<!-- This site is optimized with the Yoast SEO plugin v23.5 - https:\/\/yoast.com\/wordpress\/plugins\/seo\/ -->\n<title>Vegan and vegetarian Products - EXTRAKTA STRAUSS<\/title>\n<meta name=\"robots\" content=\"index, follow, max-snippet:-1, max-image-preview:large, max-video-preview:-1\" \/>\n<link rel=\"canonical\" href=\"https:\/\/www.extrakta.de\/en\/products\/vegan-vegetarianproducts\/\" \/>\n<meta property=\"og:locale\" content=\"en_US\" \/>\n<meta property=\"og:type\" content=\"article\" \/>\n<meta property=\"og:title\" content=\"Vegan and vegetarian Products - EXTRAKTA STRAUSS\" \/>\n<meta property=\"og:url\" content=\"https:\/\/www.extrakta.de\/en\/products\/vegan-vegetarianproducts\/\" \/>\n<meta property=\"og:site_name\" content=\"EXTRAKTA STRAUSS\" \/>\n<meta property=\"article:modified_time\" content=\"2024-06-27T12:14:55+00:00\" \/>\n<meta name=\"twitter:card\" content=\"summary_large_image\" \/>\n<meta name=\"twitter:label1\" content=\"Est. reading time\" \/>\n\t<meta name=\"twitter:data1\" content=\"1 minute\" \/>\n<script type=\"application\/ld+json\" class=\"yoast-schema-graph\">{\"@context\":\"https:\/\/schema.org\",\"@graph\":[{\"@type\":\"WebPage\",\"@id\":\"https:\/\/www.extrakta.de\/en\/products\/vegan-vegetarianproducts\/\",\"url\":\"https:\/\/www.extrakta.de\/en\/products\/vegan-vegetarianproducts\/\",\"name\":\"Vegan and vegetarian Products - EXTRAKTA STRAUSS\",\"isPartOf\":{\"@id\":\"https:\/\/www.extrakta.de\/#website\"},\"datePublished\":\"2022-01-11T13:04:58+00:00\",\"dateModified\":\"2024-06-27T12:14:55+00:00\",\"breadcrumb\":{\"@id\":\"https:\/\/www.extrakta.de\/en\/products\/vegan-vegetarianproducts\/#breadcrumb\"},\"inLanguage\":\"en-US\",\"potentialAction\":[{\"@type\":\"ReadAction\",\"target\":[\"https:\/\/www.extrakta.de\/en\/products\/vegan-vegetarianproducts\/\"]}]},{\"@type\":\"BreadcrumbList\",\"@id\":\"https:\/\/www.extrakta.de\/en\/products\/vegan-vegetarianproducts\/#breadcrumb\",\"itemListElement\":[{\"@type\":\"ListItem\",\"position\":1,\"name\":\"Startseite\",\"item\":\"https:\/\/www.extrakta.de\/en\/\"},{\"@type\":\"ListItem\",\"position\":2,\"name\":\"Products\",\"item\":\"https:\/\/www.extrakta.de\/en\/products\/\"},{\"@type\":\"ListItem\",\"position\":3,\"name\":\"Vegan and vegetarian Products\"}]},{\"@type\":\"WebSite\",\"@id\":\"https:\/\/www.extrakta.de\/#website\",\"url\":\"https:\/\/www.extrakta.de\/\",\"name\":\"EXTRAKTA STRAUSS\",\"description\":\"\",\"publisher\":{\"@id\":\"https:\/\/www.extrakta.de\/#organization\"},\"potentialAction\":[{\"@type\":\"SearchAction\",\"target\":{\"@type\":\"EntryPoint\",\"urlTemplate\":\"https:\/\/www.extrakta.de\/?s={search_term_string}\"},\"query-input\":{\"@type\":\"PropertyValueSpecification\",\"valueRequired\":true,\"valueName\":\"search_term_string\"}}],\"inLanguage\":\"en-US\"},{\"@type\":\"Organization\",\"@id\":\"https:\/\/www.extrakta.de\/#organization\",\"name\":\"Extrakta Strauss GmbH\",\"url\":\"https:\/\/www.extrakta.de\/\",\"logo\":{\"@type\":\"ImageObject\",\"inLanguage\":\"en-US\",\"@id\":\"https:\/\/www.extrakta.de\/#\/schema\/logo\/image\/\",\"url\":\"https:\/\/www.extrakta.de\/wp-content\/uploads\/2019\/09\/Firmenlogo.png\",\"contentUrl\":\"https:\/\/www.extrakta.de\/wp-content\/uploads\/2019\/09\/Firmenlogo.png\",\"width\":435,\"height\":493,\"caption\":\"Extrakta Strauss GmbH\"},\"image\":{\"@id\":\"https:\/\/www.extrakta.de\/#\/schema\/logo\/image\/\"}}]}<\/script>\n<!-- \/ Yoast SEO plugin. -->","yoast_head_json":{"title":"Vegan and vegetarian Products - EXTRAKTA STRAUSS","robots":{"index":"index","follow":"follow","max-snippet":"max-snippet:-1","max-image-preview":"max-image-preview:large","max-video-preview":"max-video-preview:-1"},"canonical":"https:\/\/www.extrakta.de\/en\/products\/vegan-vegetarianproducts\/","og_locale":"en_US","og_type":"article","og_title":"Vegan and vegetarian Products - EXTRAKTA STRAUSS","og_url":"https:\/\/www.extrakta.de\/en\/products\/vegan-vegetarianproducts\/","og_site_name":"EXTRAKTA STRAUSS","article_modified_time":"2024-06-27T12:14:55+00:00","twitter_card":"summary_large_image","twitter_misc":{"Est. reading time":"1 minute"},"schema":{"@context":"https:\/\/schema.org","@graph":[{"@type":"WebPage","@id":"https:\/\/www.extrakta.de\/en\/products\/vegan-vegetarianproducts\/","url":"https:\/\/www.extrakta.de\/en\/products\/vegan-vegetarianproducts\/","name":"Vegan and vegetarian Products - EXTRAKTA STRAUSS","isPartOf":{"@id":"https:\/\/www.extrakta.de\/#website"},"datePublished":"2022-01-11T13:04:58+00:00","dateModified":"2024-06-27T12:14:55+00:00","breadcrumb":{"@id":"https:\/\/www.extrakta.de\/en\/products\/vegan-vegetarianproducts\/#breadcrumb"},"inLanguage":"en-US","potentialAction":[{"@type":"ReadAction","target":["https:\/\/www.extrakta.de\/en\/products\/vegan-vegetarianproducts\/"]}]},{"@type":"BreadcrumbList","@id":"https:\/\/www.extrakta.de\/en\/products\/vegan-vegetarianproducts\/#breadcrumb","itemListElement":[{"@type":"ListItem","position":1,"name":"Startseite","item":"https:\/\/www.extrakta.de\/en\/"},{"@type":"ListItem","position":2,"name":"Products","item":"https:\/\/www.extrakta.de\/en\/products\/"},{"@type":"ListItem","position":3,"name":"Vegan and vegetarian Products"}]},{"@type":"WebSite","@id":"https:\/\/www.extrakta.de\/#website","url":"https:\/\/www.extrakta.de\/","name":"EXTRAKTA STRAUSS","description":"","publisher":{"@id":"https:\/\/www.extrakta.de\/#organization"},"potentialAction":[{"@type":"SearchAction","target":{"@type":"EntryPoint","urlTemplate":"https:\/\/www.extrakta.de\/?s={search_term_string}"},"query-input":{"@type":"PropertyValueSpecification","valueRequired":true,"valueName":"search_term_string"}}],"inLanguage":"en-US"},{"@type":"Organization","@id":"https:\/\/www.extrakta.de\/#organization","name":"Extrakta Strauss GmbH","url":"https:\/\/www.extrakta.de\/","logo":{"@type":"ImageObject","inLanguage":"en-US","@id":"https:\/\/www.extrakta.de\/#\/schema\/logo\/image\/","url":"https:\/\/www.extrakta.de\/wp-content\/uploads\/2019\/09\/Firmenlogo.png","contentUrl":"https:\/\/www.extrakta.de\/wp-content\/uploads\/2019\/09\/Firmenlogo.png","width":435,"height":493,"caption":"Extrakta Strauss GmbH"},"image":{"@id":"https:\/\/www.extrakta.de\/#\/schema\/logo\/image\/"}}]}},"_links":{"self":[{"href":"https:\/\/www.extrakta.de\/en\/wp-json\/wp\/v2\/pages\/717"}],"collection":[{"href":"https:\/\/www.extrakta.de\/en\/wp-json\/wp\/v2\/pages"}],"about":[{"href":"https:\/\/www.extrakta.de\/en\/wp-json\/wp\/v2\/types\/page"}],"author":[{"embeddable":true,"href":"https:\/\/www.extrakta.de\/en\/wp-json\/wp\/v2\/users\/1"}],"replies":[{"embeddable":true,"href":"https:\/\/www.extrakta.de\/en\/wp-json\/wp\/v2\/comments?post=717"}],"version-history":[{"count":5,"href":"https:\/\/www.extrakta.de\/en\/wp-json\/wp\/v2\/pages\/717\/revisions"}],"predecessor-version":[{"id":1061,"href":"https:\/\/www.extrakta.de\/en\/wp-json\/wp\/v2\/pages\/717\/revisions\/1061"}],"up":[{"embeddable":true,"href":"https:\/\/www.extrakta.de\/en\/wp-json\/wp\/v2\/pages\/549"}],"wp:attachment":[{"href":"https:\/\/www.extrakta.de\/en\/wp-json\/wp\/v2\/media?parent=717"}],"curies":[{"name":"wp","href":"https:\/\/api.w.org\/{rel}","templated":true}]}}